{"id":3992,"date":"2024-11-06T11:00:41","date_gmt":"2024-11-06T10:00:41","guid":{"rendered":"https:\/\/www.kaligo-apps.com\/?page_id=3992"},"modified":"2024-11-25T15:31:26","modified_gmt":"2024-11-25T14:31:26","slug":"accessibilite","status":"publish","type":"page","link":"https:\/\/www.kaligo-apps.com\/fr\/accessibilite\/","title":{"rendered":"Accessibilit\u00e9"},"content":{"rendered":"\n<h2 class=\"wp-block-heading\">1. INTRODUCTION<\/h2>\n\n\n\n<p>Learn&amp;Go accorde un soin particulier \u00e0 la qualit\u00e9 de r\u00e9alisation des sites de Kaligo (site vitrine et application web) afin qu\u2019ils soient utilisables par tout un chacun, quelle que soit sa situation. En ce sens, Learn&amp;Go s\u2019est engag\u00e9e dans une d\u00e9marche visant \u00e0 respecter le RGAA (R\u00e9f\u00e9rentiel g\u00e9n\u00e9ral d\u2019am\u00e9lioration de l\u2019accessibilit\u00e9) version 4.1. Cette action s\u2019est traduite par une refonte de nos sites.<\/p>\n\n\n\n<h2 class=\"wp-block-heading\">2. D\u00c9CLARATION D\u2019ACCESSIBILIT\u00c9<\/h2>\n\n\n\n<p>Learn&amp;Go s\u2019engage \u00e0 rendre le site vitrine Kaligo ainsi que son application web, accessibles conform\u00e9ment \u00e0 l\u2019article 47 de la loi n\u00b0 2005-102 du 11 f\u00e9vrier 2005.<\/p>\n\n\n\n<p>\u00c0 cette fin, il met en \u0153uvre la strat\u00e9gie et les actions suivantes :<\/p>\n\n\n\n<ul class=\"wp-block-list\">\n<li>Sch\u00e9ma pluriannuel : en cours<\/li>\n\n\n\n<li>Plan d\u2019action : en cours<\/li>\n<\/ul>\n\n\n\n<p>Cette d\u00e9claration d\u2019accessibilit\u00e9 s\u2019applique aux sites <a href=\"http:\/\/www.kaligo-apps.com\/fr\/\">www.kaligo-apps.com\/fr\/<\/a> (site vitrine) et <a href=\"http:\/\/apps.learn-and-go.com\/home\/\">apps.learn-and-go.com\/home\/<\/a> (application web).<\/p>\n\n\n\n<h2 class=\"wp-block-heading\">3. \u00c9TAT DE CONFORMIT\u00c9<\/h2>\n\n\n\n<p>Les sites cit\u00e9s ci-dessus ne sont pas en conformit\u00e9 avec le r\u00e9f\u00e9rentiel g\u00e9n\u00e9ral d\u2019am\u00e9lioration de l\u2019accessibilit\u00e9 car l\u2019audit permettant de mesurer le respect des crit\u00e8res est en cours de r\u00e9alisation avec la version RG2A V4.1. Par cons\u00e9quent, aucune non-conformit\u00e9 et aucune d\u00e9rogation ne sont \u00e9num\u00e9r\u00e9es ci-dessus.<\/p>\n\n\n\n<h2 class=\"wp-block-heading\">4.&nbsp;R\u00c9SULTATS DES TESTS<\/h2>\n\n\n\n<p>En l\u2019absence d\u2019audit de conformit\u00e9 en cours de validit\u00e9, le r\u00e9sultat des tests n\u2019est communiqu\u00e9.<\/p>\n\n\n\n<h2 class=\"wp-block-heading\">5. CONTENUS NON ACCESSIBLES<\/h2>\n\n\n\n<p><strong>Non conformit\u00e9<\/strong><\/p>\n\n\n\n<p>En l\u2019absence d\u2019audit en cours de validit\u00e9, tous les contenus sont consid\u00e9r\u00e9s comme non-conformes.<\/p>\n\n\n\n<p><strong>D\u00e9rogations pour charge disproportionn\u00e9e<\/strong><\/p>\n\n\n\n<p>En l\u2019absence d\u2019audit en cours de validit\u00e9, aucune d\u00e9rogation n\u2019a \u00e9t\u00e9 \u00e9tablie.<\/p>\n\n\n\n<p><strong>Contenus non soumis \u00e0 l\u2019obligation d\u2019accessibilit\u00e9<\/strong><\/p>\n\n\n\n<p>En l\u2019absence d\u2019audit en cours de validit\u00e9, aucun contenu n\u2019est soumis \u00e0 l\u2019obligation d\u2019accessibilit\u00e9.<\/p>\n\n\n\n<h2 class=\"wp-block-heading\">6. CONTENUS NON ACCESSIBLES<\/h2>\n\n\n\n<p>Cette d\u00e9claration a \u00e9t\u00e9 \u00e9tablie le 20\/06\/2022.<\/p>\n\n\n\n<h2 class=\"wp-block-heading\">7. TECHNOLOGIES UTILIS\u00c9ES POUR LA R\u00c9ALISATION<\/h2>\n\n\n\n<p>Pour le site vitrine :<\/p>\n\n\n\n<ul class=\"wp-block-list\">\n<li>HTML5<\/li>\n\n\n\n<li>CSS3<\/li>\n\n\n\n<li>PHP<\/li>\n\n\n\n<li>JS<\/li>\n\n\n\n<li>SQL<\/li>\n\n\n\n<li>MySQL<\/li>\n<\/ul>\n\n\n\n<p>Pour l\u2019application web :<\/p>\n\n\n\n<ul class=\"wp-block-list\">\n<li>HTML5<\/li>\n\n\n\n<li>CSS3<\/li>\n\n\n\n<li>NodeJs<\/li>\n\n\n\n<li>Angular12<\/li>\n\n\n\n<li>TypeScript<\/li>\n\n\n\n<li>Java<\/li>\n<\/ul>\n\n\n\n<h2 class=\"wp-block-heading\">8. AGENTS UTILISATEURS, TECHNOLOGIES D\u2019ASSISTANCE ET OUTILS UTILIS\u00c9S POUR V\u00c9RIFIER L\u2019ACCESSIBILIT\u00c9<\/h2>\n\n\n\n<p>En l\u2019absence d\u2019audit en cours de validit\u00e9, les outils ne peuvent \u00eatre list\u00e9s.<\/p>\n\n\n\n<h2 class=\"wp-block-heading\">9. PAGES DES SITES AYANT FAIT L\u2019OBJET DE LA V\u00c9RIFICATION DE CONFORMIT\u00c9<\/h2>\n\n\n\n<p>En l\u2019absence d\u2019audit en cours de validit\u00e9, les pages ne peuvent \u00eatre list\u00e9es.<\/p>\n\n\n\n<h2 class=\"wp-block-heading\">10. RETOUR D\u2019INFORMATION ET CONTACT<\/h2>\n\n\n\n<p>Si vous n\u2019arrivez pas \u00e0 acc\u00e9der \u00e0 un contenu ou \u00e0 un service, vous pouvez contacter le responsable du site <a href=\"http:\/\/www.kaligo-apps.com\/fr\/\">www.kaligo-apps.com\/fr\/<\/a> pour \u00eatre orient\u00e9 vers une alternative accessible ou obtenir le contenu sous une autre forme.<\/p>\n\n\n\n<ul class=\"wp-block-list\">\n<li>Envoyer un message <a href=\"https:\/\/www.kaligo-apps.com\/fr\/contact\/\">https:\/\/www.kaligo-apps.com\/fr\/contact\/<\/a><\/li>\n\n\n\n<li>Contacter Learn &amp; Go, 43 square de la Mettrie, 35700 Rennes.<\/li>\n<\/ul>\n\n\n\n<h2 class=\"wp-block-heading\">11. VOIES DE RECOURS<\/h2>\n\n\n\n<p>Cette proc\u00e9dure est \u00e0 utiliser dans le cas suivant.<\/p>\n\n\n\n<p>Vous avez signal\u00e9 au responsable du site internet un d\u00e9faut d\u2019accessibilit\u00e9 qui vous emp\u00eache d\u2019acc\u00e9der \u00e0 un contenu ou \u00e0 un des services du portail et vous n\u2019avez pas obtenu de r\u00e9ponse satisfaisante.<\/p>\n\n\n\n<ul class=\"wp-block-list\">\n<li>\u00c9crire un message au D\u00e9fenseur des droits (<a href=\"https:\/\/formulaire.defenseurdesdroits.fr\/\">https:\/\/formulaire.defenseurdesdroits.fr\/<\/a>)<\/li>\n\n\n\n<li>Contacter le d\u00e9l\u00e9gu\u00e9 du D\u00e9fenseur des droits dans votre r\u00e9gion ( <a href=\"https:\/\/www.defenseurdesdroits.fr\/saisir\/delegues\">https:\/\/www.defenseurdesdroits.fr\/saisir\/delegues<\/a>)<\/li>\n\n\n\n<li>Envoyer un courrier par la poste (gratuit, ne pas mettre de timbre)<\/li>\n<\/ul>\n\n\n\n<p>D\u00e9fenseur des droits<br>Libre r\u00e9ponse 71120<br>75342 Paris CEDEX 07<\/p>\n\n\n\n<div style=\"height:100px\" aria-hidden=\"true\" class=\"wp-block-spacer\"><\/div>\n","protected":false},"excerpt":{"rendered":"<p>1. INTRODUCTION Learn&amp;Go accorde un soin particulier \u00e0 la qualit\u00e9 de r\u00e9alisation des sites de Kaligo (site vitrine et application web) afin qu\u2019ils soient utilisables par tout un chacun, quelle que soit sa situation. En ce sens, Learn&amp;Go s\u2019est engag\u00e9e dans une d\u00e9marche visant \u00e0 respecter le RGAA (R\u00e9f\u00e9rentiel g\u00e9n\u00e9ral d\u2019am\u00e9lioration de l\u2019accessibilit\u00e9) version 4.1. [&hellip;]<\/p>\n","protected":false},"author":1,"featured_media":0,"parent":0,"menu_order":0,"comment_status":"closed","ping_status":"closed","template":"","meta":{"_et_pb_use_builder":"off","_et_pb_old_content":"","_et_gb_content_width":"1080","inline_featured_image":false,"footnotes":""},"class_list":["post-3992","page","type-page","status-publish","hentry"],"yoast_head":"<!-- This site is optimized with the Yoast SEO plugin v27.6 - https:\/\/yoast.com\/product\/yoast-seo-wordpress\/ -->\n<title>Accessibilit\u00e9 - Kaligo<\/title>\n<meta name=\"robots\" content=\"noindex, nofollow\" \/>\n<meta property=\"og:locale\" content=\"fr_FR\" \/>\n<meta property=\"og:type\" content=\"article\" \/>\n<meta property=\"og:title\" content=\"Accessibilit\u00e9 - Kaligo\" \/>\n<meta property=\"og:description\" content=\"1. INTRODUCTION Learn&amp;Go accorde un soin particulier \u00e0 la qualit\u00e9 de r\u00e9alisation des sites de Kaligo (site vitrine et application web) afin qu\u2019ils soient utilisables par tout un chacun, quelle que soit sa situation. En ce sens, Learn&amp;Go s\u2019est engag\u00e9e dans une d\u00e9marche visant \u00e0 respecter le RGAA (R\u00e9f\u00e9rentiel g\u00e9n\u00e9ral d\u2019am\u00e9lioration de l\u2019accessibilit\u00e9) version 4.1. [&hellip;]\" \/>\n<meta property=\"og:url\" content=\"https:\/\/www.kaligo-apps.com\/fr\/accessibilite\/\" \/>\n<meta property=\"og:site_name\" content=\"Kaligo\" \/>\n<meta property=\"article:modified_time\" content=\"2024-11-25T14:31:26+00:00\" \/>\n<meta property=\"og:image\" content=\"https:\/\/www.kaligo-apps.com\/wp-content\/uploads\/2024\/01\/KALIGO_ECOLE_APPLICATION_APPRENTISSAGE_ENFANT_ENSEIGNANT-logo-Kaligo-SCHOOL.png\" \/>\n\t<meta property=\"og:image:width\" content=\"207\" \/>\n\t<meta property=\"og:image:height\" content=\"90\" \/>\n\t<meta property=\"og:image:type\" content=\"image\/png\" \/>\n<script type=\"application\/ld+json\" class=\"yoast-schema-graph\">{\"@context\":\"https:\\\/\\\/schema.org\",\"@graph\":[{\"@type\":\"WebPage\",\"@id\":\"https:\\\/\\\/www.kaligo-apps.com\\\/fr\\\/accessibilite\\\/\",\"url\":\"https:\\\/\\\/www.kaligo-apps.com\\\/fr\\\/accessibilite\\\/\",\"name\":\"Accessibilit\u00e9 - Kaligo\",\"isPartOf\":{\"@id\":\"https:\\\/\\\/www.kaligo-apps.com\\\/fr\\\/#website\"},\"datePublished\":\"2024-11-06T10:00:41+00:00\",\"dateModified\":\"2024-11-25T14:31:26+00:00\",\"breadcrumb\":{\"@id\":\"https:\\\/\\\/www.kaligo-apps.com\\\/fr\\\/accessibilite\\\/#breadcrumb\"},\"inLanguage\":\"fr-FR\",\"potentialAction\":[{\"@type\":\"ReadAction\",\"target\":[\"https:\\\/\\\/www.kaligo-apps.com\\\/fr\\\/accessibilite\\\/\"]}]},{\"@type\":\"BreadcrumbList\",\"@id\":\"https:\\\/\\\/www.kaligo-apps.com\\\/fr\\\/accessibilite\\\/#breadcrumb\",\"itemListElement\":[{\"@type\":\"ListItem\",\"position\":1,\"name\":\"Home\",\"item\":\"https:\\\/\\\/www.kaligo-apps.com\\\/fr\\\/\"},{\"@type\":\"ListItem\",\"position\":2,\"name\":\"Accessibilit\u00e9\"}]},{\"@type\":\"WebSite\",\"@id\":\"https:\\\/\\\/www.kaligo-apps.com\\\/fr\\\/#website\",\"url\":\"https:\\\/\\\/www.kaligo-apps.com\\\/fr\\\/\",\"name\":\"Kaligo\",\"description\":\"Application p\u00e9dagogique d&#039;apprentissage de l&#039;\u00e9criture\",\"publisher\":{\"@id\":\"https:\\\/\\\/www.kaligo-apps.com\\\/fr\\\/#organization\"},\"potentialAction\":[{\"@type\":\"SearchAction\",\"target\":{\"@type\":\"EntryPoint\",\"urlTemplate\":\"https:\\\/\\\/www.kaligo-apps.com\\\/fr\\\/?s={search_term_string}\"},\"query-input\":{\"@type\":\"PropertyValueSpecification\",\"valueRequired\":true,\"valueName\":\"search_term_string\"}}],\"inLanguage\":\"fr-FR\"},{\"@type\":\"Organization\",\"@id\":\"https:\\\/\\\/www.kaligo-apps.com\\\/fr\\\/#organization\",\"name\":\"Kaligo\",\"url\":\"https:\\\/\\\/www.kaligo-apps.com\\\/fr\\\/\",\"logo\":{\"@type\":\"ImageObject\",\"inLanguage\":\"fr-FR\",\"@id\":\"https:\\\/\\\/www.kaligo-apps.com\\\/fr\\\/#\\\/schema\\\/logo\\\/image\\\/\",\"url\":\"https:\\\/\\\/www.kaligo-apps.com\\\/wp-content\\\/uploads\\\/2024\\\/10\\\/kali2-3.png\",\"contentUrl\":\"https:\\\/\\\/www.kaligo-apps.com\\\/wp-content\\\/uploads\\\/2024\\\/10\\\/kali2-3.png\",\"width\":191,\"height\":201,\"caption\":\"Kaligo\"},\"image\":{\"@id\":\"https:\\\/\\\/www.kaligo-apps.com\\\/fr\\\/#\\\/schema\\\/logo\\\/image\\\/\"}}]}<\/script>\n<!-- \/ Yoast SEO plugin. -->","yoast_head_json":{"title":"Accessibilit\u00e9 - Kaligo","robots":{"index":"noindex","follow":"nofollow"},"og_locale":"fr_FR","og_type":"article","og_title":"Accessibilit\u00e9 - Kaligo","og_description":"1. INTRODUCTION Learn&amp;Go accorde un soin particulier \u00e0 la qualit\u00e9 de r\u00e9alisation des sites de Kaligo (site vitrine et application web) afin qu\u2019ils soient utilisables par tout un chacun, quelle que soit sa situation. En ce sens, Learn&amp;Go s\u2019est engag\u00e9e dans une d\u00e9marche visant \u00e0 respecter le RGAA (R\u00e9f\u00e9rentiel g\u00e9n\u00e9ral d\u2019am\u00e9lioration de l\u2019accessibilit\u00e9) version 4.1. [&hellip;]","og_url":"https:\/\/www.kaligo-apps.com\/fr\/accessibilite\/","og_site_name":"Kaligo","article_modified_time":"2024-11-25T14:31:26+00:00","og_image":[{"width":207,"height":90,"url":"https:\/\/www.kaligo-apps.com\/wp-content\/uploads\/2024\/01\/KALIGO_ECOLE_APPLICATION_APPRENTISSAGE_ENFANT_ENSEIGNANT-logo-Kaligo-SCHOOL.png","type":"image\/png"}],"schema":{"@context":"https:\/\/schema.org","@graph":[{"@type":"WebPage","@id":"https:\/\/www.kaligo-apps.com\/fr\/accessibilite\/","url":"https:\/\/www.kaligo-apps.com\/fr\/accessibilite\/","name":"Accessibilit\u00e9 - Kaligo","isPartOf":{"@id":"https:\/\/www.kaligo-apps.com\/fr\/#website"},"datePublished":"2024-11-06T10:00:41+00:00","dateModified":"2024-11-25T14:31:26+00:00","breadcrumb":{"@id":"https:\/\/www.kaligo-apps.com\/fr\/accessibilite\/#breadcrumb"},"inLanguage":"fr-FR","potentialAction":[{"@type":"ReadAction","target":["https:\/\/www.kaligo-apps.com\/fr\/accessibilite\/"]}]},{"@type":"BreadcrumbList","@id":"https:\/\/www.kaligo-apps.com\/fr\/accessibilite\/#breadcrumb","itemListElement":[{"@type":"ListItem","position":1,"name":"Home","item":"https:\/\/www.kaligo-apps.com\/fr\/"},{"@type":"ListItem","position":2,"name":"Accessibilit\u00e9"}]},{"@type":"WebSite","@id":"https:\/\/www.kaligo-apps.com\/fr\/#website","url":"https:\/\/www.kaligo-apps.com\/fr\/","name":"Kaligo","description":"Application p\u00e9dagogique d&#039;apprentissage de l&#039;\u00e9criture","publisher":{"@id":"https:\/\/www.kaligo-apps.com\/fr\/#organization"},"potentialAction":[{"@type":"SearchAction","target":{"@type":"EntryPoint","urlTemplate":"https:\/\/www.kaligo-apps.com\/fr\/?s={search_term_string}"},"query-input":{"@type":"PropertyValueSpecification","valueRequired":true,"valueName":"search_term_string"}}],"inLanguage":"fr-FR"},{"@type":"Organization","@id":"https:\/\/www.kaligo-apps.com\/fr\/#organization","name":"Kaligo","url":"https:\/\/www.kaligo-apps.com\/fr\/","logo":{"@type":"ImageObject","inLanguage":"fr-FR","@id":"https:\/\/www.kaligo-apps.com\/fr\/#\/schema\/logo\/image\/","url":"https:\/\/www.kaligo-apps.com\/wp-content\/uploads\/2024\/10\/kali2-3.png","contentUrl":"https:\/\/www.kaligo-apps.com\/wp-content\/uploads\/2024\/10\/kali2-3.png","width":191,"height":201,"caption":"Kaligo"},"image":{"@id":"https:\/\/www.kaligo-apps.com\/fr\/#\/schema\/logo\/image\/"}}]}},"_links":{"self":[{"href":"https:\/\/www.kaligo-apps.com\/fr\/wp-json\/wp\/v2\/pages\/3992","targetHints":{"allow":["GET"]}}],"collection":[{"href":"https:\/\/www.kaligo-apps.com\/fr\/wp-json\/wp\/v2\/pages"}],"about":[{"href":"https:\/\/www.kaligo-apps.com\/fr\/wp-json\/wp\/v2\/types\/page"}],"author":[{"embeddable":true,"href":"https:\/\/www.kaligo-apps.com\/fr\/wp-json\/wp\/v2\/users\/1"}],"replies":[{"embeddable":true,"href":"https:\/\/www.kaligo-apps.com\/fr\/wp-json\/wp\/v2\/comments?post=3992"}],"version-history":[{"count":0,"href":"https:\/\/www.kaligo-apps.com\/fr\/wp-json\/wp\/v2\/pages\/3992\/revisions"}],"wp:attachment":[{"href":"https:\/\/www.kaligo-apps.com\/fr\/wp-json\/wp\/v2\/media?parent=3992"}],"curies":[{"name":"wp","href":"https:\/\/api.w.org\/{rel}","templated":true}]}}